{"id":228,"date":"2025-10-08T17:26:59","date_gmt":"2025-10-08T17:26:59","guid":{"rendered":"https:\/\/padelgourmet.com\/sv\/?page_id=228"},"modified":"2025-10-08T17:29:36","modified_gmt":"2025-10-08T17:29:36","slug":"homepage-sv","status":"publish","type":"page","link":"https:\/\/padelgourmet.com\/sv\/","title":{"rendered":"Homepage SV"},"content":{"rendered":"\n<div>\n<h1 class=\"gb-text gb-text-193b3aa2\">Vi \u00e4lskar padel!<\/h1>\n\n\n\n<h2 class=\"gb-text gb-text-69c02ac5\">Uppt\u00e4ck det b\u00e4sta inneh\u00e5llet om padel<\/h2>\n\n\n\n<div>\n<h2 class=\"gb-text gb-text-defd64d7\">Senaste publicerade inneh\u00e5llet<\/h2>\n\n\n\n<div class=\"wp-block-group\" style=\"padding-top:30px;padding-right:30px;padding-bottom:30px;padding-left:30px\"><div class=\"wp-block-group__inner-container is-layout-flow wp-block-group-is-layout-flow\">\n<div class=\"wp-block-columns is-layout-flex wp-container-core-columns-is-layout-9d6595d7 wp-block-columns-is-layout-flex\">\n<div class=\"wp-block-column is-layout-flow wp-block-column-is-layout-flow\" style=\"flex-basis:50%\">\n<div class=\"wp-block-query is-layout-flow wp-block-query-is-layout-flow\"><\/div>\n<\/div>\n\n\n\n<div class=\"wp-block-column is-layout-flow wp-block-column-is-layout-flow\" style=\"flex-basis:50%\">\n<div class=\"wp-block-query is-layout-flow wp-block-query-is-layout-flow\"><\/div>\n<\/div>\n<\/div>\n<\/div><\/div>\n<\/div>\n<\/div>\n","protected":false},"excerpt":{"rendered":"","protected":false},"author":1,"featured_media":0,"parent":0,"menu_order":0,"comment_status":"closed","ping_status":"closed","template":"","meta":{"footnotes":""},"class_list":{"0":"post-228","1":"page","2":"type-page","3":"status-publish","5":"no-featured-image-padding"},"_links":{"self":[{"href":"https:\/\/padelgourmet.com\/sv\/wp-json\/wp\/v2\/pages\/228","targetHints":{"allow":["GET"]}}],"collection":[{"href":"https:\/\/padelgourmet.com\/sv\/wp-json\/wp\/v2\/pages"}],"about":[{"href":"https:\/\/padelgourmet.com\/sv\/wp-json\/wp\/v2\/types\/page"}],"author":[{"embeddable":true,"href":"https:\/\/padelgourmet.com\/sv\/wp-json\/wp\/v2\/users\/1"}],"replies":[{"embeddable":true,"href":"https:\/\/padelgourmet.com\/sv\/wp-json\/wp\/v2\/comments?post=228"}],"version-history":[{"count":2,"href":"https:\/\/padelgourmet.com\/sv\/wp-json\/wp\/v2\/pages\/228\/revisions"}],"predecessor-version":[{"id":231,"href":"https:\/\/padelgourmet.com\/sv\/wp-json\/wp\/v2\/pages\/228\/revisions\/231"}],"wp:attachment":[{"href":"https:\/\/padelgourmet.com\/sv\/wp-json\/wp\/v2\/media?parent=228"}],"curies":[{"name":"wp","href":"https:\/\/api.w.org\/{rel}","templated":true}]}}